{"id":13,"date":"2017-03-08T13:58:05","date_gmt":"2017-03-08T13:58:05","guid":{"rendered":"http:\/\/www.haiggle.ch\/?page_id=13"},"modified":"2026-02-23T06:11:22","modified_gmt":"2026-02-23T06:11:22","slug":"geschichte","status":"publish","type":"page","link":"https:\/\/www.haiggle.ch\/?page_id=13","title":{"rendered":"Geschichte"},"content":{"rendered":"\n<p>Die &#8222;Haiggle&#8220; sind mit dem Gr\u00fcndungsjahr 1632 wahrscheinlich eine der \u00e4ltesten Basler Fasnachts-Cliquen \u00fcberhaupt. Erhalten geblieben sind Teile eines alten &#8222;L\u00e4mpesitzig-Protokolls&#8220;, das schon damals bemerkte, wie unp\u00fcnktlich die Clique sich jeweils an den Treffpunkten eingefunden habe. Der Name &#8222;Die Haiggle&#8220; r\u00fchrt von den heiklen Situationen her, in die sich die Clique des \u00f6fteren begibt, vor allem im zwischenmenschlichen Bereich. Diese Konstante der Fasnachts-Clique ist \u00fcber die Jahrhunderte hinweg belegt.<\/p>\n\n\n\n<p>Nach m\u00fcndlicher \u00dcberlieferung sollen auch die Eltern des Schriftstellers <a href=\"https:\/\/de.wikipedia.org\/wiki\/Hermann_Hesse\">Hermann Hesse<\/a> (1877-1962) bei den &#8222;Haigglen&#8220; mitgemacht haben.\u00a0 Ihren Schriftsteller-Sohn Hermann konnten sie jedoch nicht f\u00fcr das Fasnachtstreiben begeistern. Hermann Hesse sprach zwar fliessend Baseldeutsch, heiratete drei Mal jeweils Baslerinnen, er stand jedoch \u00f6fters in Konflikt mit der Basler \u00d6ffentlichkeit.\u00a0 Dies soll auch der Grund sein, weshalb in Hesses ber\u00fchmten Basler Roman &#8222;Steppenwolf&#8220; das Wort &#8222;heikel&#8220; (Baseldeutsch: haiggel&#8220;) kein einziges Mal vorkommt. Die Stadt hat dem Literatur-Nobelpreistr\u00e4ger Hermann Hesse dies erst im Dezember 2021 verziehen, und seither ist ein Platz bei der Rheingasse (also im minderen Basel) nach ihm benannt.<\/p>\n\n\n\n<p>&nbsp;<\/p>\n","protected":false},"excerpt":{"rendered":"<p>Die &#8222;Haiggle&#8220; sind mit dem Gr\u00fcndungsjahr 1632 wahrscheinlich eine der \u00e4ltesten Basler Fasnachts-Cliquen \u00fcberhaupt. Erhalten geblieben sind Teile eines alten &#8222;L\u00e4mpesitzig-Protokolls&#8220;, das schon damals bemerkte, wie unp\u00fcnktlich die Clique sich jeweils an den Treffpunkten eingefunden habe. Der Name &#8222;Die Haiggle&#8220; r\u00fchrt von den heiklen Situationen her, in die sich die Clique des \u00f6fteren begibt, vor &hellip; <\/p>\n<p class=\"link-more\"><a href=\"https:\/\/www.haiggle.ch\/?page_id=13\" class=\"more-link\"><span class=\"screen-reader-text\">\u201eGeschichte\u201c<\/span> weiterlesen<\/a><\/p>\n","protected":false},"author":1,"featured_media":0,"parent":0,"menu_order":0,"comment_status":"closed","ping_status":"closed","template":"","meta":{"footnotes":""},"class_list":["post-13","page","type-page","status-publish","hentry"],"_links":{"self":[{"href":"https:\/\/www.haiggle.ch\/index.php?rest_route=\/wp\/v2\/pages\/13","targetHints":{"allow":["GET"]}}],"collection":[{"href":"https:\/\/www.haiggle.ch\/index.php?rest_route=\/wp\/v2\/pages"}],"about":[{"href":"https:\/\/www.haiggle.ch\/index.php?rest_route=\/wp\/v2\/types\/page"}],"author":[{"embeddable":true,"href":"https:\/\/www.haiggle.ch\/index.php?rest_route=\/wp\/v2\/users\/1"}],"replies":[{"embeddable":true,"href":"https:\/\/www.haiggle.ch\/index.php?rest_route=%2Fwp%2Fv2%2Fcomments&post=13"}],"version-history":[{"count":8,"href":"https:\/\/www.haiggle.ch\/index.php?rest_route=\/wp\/v2\/pages\/13\/revisions"}],"predecessor-version":[{"id":112,"href":"https:\/\/www.haiggle.ch\/index.php?rest_route=\/wp\/v2\/pages\/13\/revisions\/112"}],"wp:attachment":[{"href":"https:\/\/www.haiggle.ch\/index.php?rest_route=%2Fwp%2Fv2%2Fmedia&parent=13"}],"curies":[{"name":"wp","href":"https:\/\/api.w.org\/{rel}","templated":true}]}}