{"id":15,"date":"2017-03-08T14:20:49","date_gmt":"2017-03-08T14:20:49","guid":{"rendered":"http:\/\/www.haiggle.ch\/?page_id=15"},"modified":"2026-02-25T22:33:21","modified_gmt":"2026-02-25T22:33:21","slug":"bildgalerie","status":"publish","type":"page","link":"https:\/\/www.haiggle.ch\/?page_id=15","title":{"rendered":"Bildgalerie"},"content":{"rendered":"\n<figure class=\"wp-block-image size-large\"><a href=\"https:\/\/www.haiggle.ch\/wp-content\/uploads\/2026\/02\/P1020592-scaled.jpg\"><img loading=\"lazy\" decoding=\"async\" width=\"1024\" height=\"683\" src=\"https:\/\/www.haiggle.ch\/wp-content\/uploads\/2026\/02\/P1020592-1024x683.jpg\" alt=\"\" class=\"wp-image-121\" srcset=\"https:\/\/www.haiggle.ch\/wp-content\/uploads\/2026\/02\/P1020592-1024x683.jpg 1024w, https:\/\/www.haiggle.ch\/wp-content\/uploads\/2026\/02\/P1020592-300x200.jpg 300w, https:\/\/www.haiggle.ch\/wp-content\/uploads\/2026\/02\/P1020592-768x512.jpg 768w, https:\/\/www.haiggle.ch\/wp-content\/uploads\/2026\/02\/P1020592-1536x1024.jpg 1536w, https:\/\/www.haiggle.ch\/wp-content\/uploads\/2026\/02\/P1020592-2048x1365.jpg 2048w\" sizes=\"auto, (max-width: 767px) 89vw, (max-width: 1000px) 54vw, (max-width: 1071px) 543px, 580px\" \/><\/a><\/figure>\n\n\n\n<figure class=\"wp-block-image size-large\"><a href=\"https:\/\/www.haiggle.ch\/wp-content\/uploads\/2026\/02\/P1020600-scaled.jpg\"><img loading=\"lazy\" decoding=\"async\" width=\"1024\" height=\"683\" src=\"https:\/\/www.haiggle.ch\/wp-content\/uploads\/2026\/02\/P1020600-1024x683.jpg\" alt=\"\" class=\"wp-image-123\" srcset=\"https:\/\/www.haiggle.ch\/wp-content\/uploads\/2026\/02\/P1020600-1024x683.jpg 1024w, https:\/\/www.haiggle.ch\/wp-content\/uploads\/2026\/02\/P1020600-300x200.jpg 300w, https:\/\/www.haiggle.ch\/wp-content\/uploads\/2026\/02\/P1020600-768x512.jpg 768w, https:\/\/www.haiggle.ch\/wp-content\/uploads\/2026\/02\/P1020600-1536x1024.jpg 1536w, https:\/\/www.haiggle.ch\/wp-content\/uploads\/2026\/02\/P1020600-2048x1365.jpg 2048w\" sizes=\"auto, (max-width: 767px) 89vw, (max-width: 1000px) 54vw, (max-width: 1071px) 543px, 580px\" \/><\/a><\/figure>\n\n\n\n<p>Weniger Publikum als sonst im 2026.<\/p>\n\n\n\n<figure class=\"wp-block-image size-large\"><a href=\"https:\/\/www.haiggle.ch\/wp-content\/uploads\/2026\/02\/P1020624-scaled.jpg\"><img loading=\"lazy\" decoding=\"async\" width=\"1024\" height=\"683\" src=\"https:\/\/www.haiggle.ch\/wp-content\/uploads\/2026\/02\/P1020624-1024x683.jpg\" alt=\"\" class=\"wp-image-129\" srcset=\"https:\/\/www.haiggle.ch\/wp-content\/uploads\/2026\/02\/P1020624-1024x683.jpg 1024w, https:\/\/www.haiggle.ch\/wp-content\/uploads\/2026\/02\/P1020624-300x200.jpg 300w, https:\/\/www.haiggle.ch\/wp-content\/uploads\/2026\/02\/P1020624-768x512.jpg 768w, https:\/\/www.haiggle.ch\/wp-content\/uploads\/2026\/02\/P1020624-1536x1024.jpg 1536w, https:\/\/www.haiggle.ch\/wp-content\/uploads\/2026\/02\/P1020624-2048x1365.jpg 2048w\" sizes=\"auto, (max-width: 767px) 89vw, (max-width: 1000px) 54vw, (max-width: 1071px) 543px, 580px\" \/><\/a><\/figure>\n\n\n\n<figure class=\"wp-block-image size-large\"><a href=\"https:\/\/www.haiggle.ch\/wp-content\/uploads\/2026\/02\/P1020597-scaled.jpg\"><img loading=\"lazy\" decoding=\"async\" width=\"1024\" height=\"683\" src=\"https:\/\/www.haiggle.ch\/wp-content\/uploads\/2026\/02\/P1020597-1024x683.jpg\" alt=\"\" class=\"wp-image-124\" srcset=\"https:\/\/www.haiggle.ch\/wp-content\/uploads\/2026\/02\/P1020597-1024x683.jpg 1024w, https:\/\/www.haiggle.ch\/wp-content\/uploads\/2026\/02\/P1020597-300x200.jpg 300w, https:\/\/www.haiggle.ch\/wp-content\/uploads\/2026\/02\/P1020597-768x512.jpg 768w, https:\/\/www.haiggle.ch\/wp-content\/uploads\/2026\/02\/P1020597-1536x1024.jpg 1536w, https:\/\/www.haiggle.ch\/wp-content\/uploads\/2026\/02\/P1020597-2048x1365.jpg 2048w\" sizes=\"auto, (max-width: 767px) 89vw, (max-width: 1000px) 54vw, (max-width: 1071px) 543px, 580px\" \/><\/a><\/figure>\n\n\n\n<p>&#8222;Die Haiggle&#8220; jetzt auch f\u00fcr Publikum aus dem fremdsprachigen Nachbarland verst\u00e4ndlich.<\/p>\n\n\n\n<div class=\"wp-block-columns is-layout-flex wp-container-core-columns-is-layout-9d6595d7 wp-block-columns-is-layout-flex\">\n<div class=\"wp-block-column is-layout-flow wp-block-column-is-layout-flow\" style=\"flex-basis:100%\">\n<figure class=\"wp-block-image size-large\"><a href=\"https:\/\/www.haiggle.ch\/wp-content\/uploads\/2025\/03\/P1020204-1-scaled.jpg\"><img loading=\"lazy\" decoding=\"async\" width=\"1024\" height=\"683\" src=\"https:\/\/www.haiggle.ch\/wp-content\/uploads\/2025\/03\/P1020204-1-1024x683.jpg\" alt=\"\" class=\"wp-image-98\" srcset=\"https:\/\/www.haiggle.ch\/wp-content\/uploads\/2025\/03\/P1020204-1-1024x683.jpg 1024w, https:\/\/www.haiggle.ch\/wp-content\/uploads\/2025\/03\/P1020204-1-300x200.jpg 300w, https:\/\/www.haiggle.ch\/wp-content\/uploads\/2025\/03\/P1020204-1-768x512.jpg 768w, https:\/\/www.haiggle.ch\/wp-content\/uploads\/2025\/03\/P1020204-1-1536x1024.jpg 1536w, https:\/\/www.haiggle.ch\/wp-content\/uploads\/2025\/03\/P1020204-1-2048x1365.jpg 2048w\" sizes=\"auto, (max-width: 767px) 89vw, (max-width: 1000px) 54vw, (max-width: 1071px) 543px, 580px\" \/><\/a><\/figure>\n<\/div>\n<\/div>\n\n\n\n<p>Die neuen Fasnachts-Kost\u00fcme 2025&#8230;.<\/p>\n\n\n\n<figure class=\"wp-block-image size-large\"><a href=\"https:\/\/www.haiggle.ch\/wp-content\/uploads\/2026\/02\/P1020603-scaled.jpg\"><img loading=\"lazy\" decoding=\"async\" width=\"1024\" height=\"683\" src=\"https:\/\/www.haiggle.ch\/wp-content\/uploads\/2026\/02\/P1020603-1024x683.jpg\" alt=\"\" class=\"wp-image-120\" srcset=\"https:\/\/www.haiggle.ch\/wp-content\/uploads\/2026\/02\/P1020603-1024x683.jpg 1024w, https:\/\/www.haiggle.ch\/wp-content\/uploads\/2026\/02\/P1020603-300x200.jpg 300w, https:\/\/www.haiggle.ch\/wp-content\/uploads\/2026\/02\/P1020603-768x512.jpg 768w, https:\/\/www.haiggle.ch\/wp-content\/uploads\/2026\/02\/P1020603-1536x1024.jpg 1536w, https:\/\/www.haiggle.ch\/wp-content\/uploads\/2026\/02\/P1020603-2048x1365.jpg 2048w\" sizes=\"auto, (max-width: 767px) 89vw, (max-width: 1000px) 54vw, (max-width: 1071px) 543px, 580px\" \/><\/a><\/figure>\n\n\n\n<p>&#8230;machen sich auch 2026 immer noch gut (fast wie neu).<\/p>\n\n\n\n<figure class=\"wp-block-image size-large\"><a href=\"https:\/\/www.haiggle.ch\/wp-content\/uploads\/2025\/03\/P1020251-1-scaled.jpg\"><img loading=\"lazy\" decoding=\"async\" width=\"1024\" height=\"683\" src=\"https:\/\/www.haiggle.ch\/wp-content\/uploads\/2025\/03\/P1020251-1-1024x683.jpg\" alt=\"\" class=\"wp-image-99\" srcset=\"https:\/\/www.haiggle.ch\/wp-content\/uploads\/2025\/03\/P1020251-1-1024x683.jpg 1024w, https:\/\/www.haiggle.ch\/wp-content\/uploads\/2025\/03\/P1020251-1-300x200.jpg 300w, https:\/\/www.haiggle.ch\/wp-content\/uploads\/2025\/03\/P1020251-1-768x512.jpg 768w, https:\/\/www.haiggle.ch\/wp-content\/uploads\/2025\/03\/P1020251-1-1536x1024.jpg 1536w, https:\/\/www.haiggle.ch\/wp-content\/uploads\/2025\/03\/P1020251-1-2048x1365.jpg 2048w\" sizes=\"auto, (max-width: 767px) 89vw, (max-width: 1000px) 54vw, (max-width: 1071px) 543px, 580px\" \/><\/a><\/figure>\n\n\n\n<p>Sujet 2025: S&#8217;isch dr Wahn (unseri neye Goschdym) <\/p>\n\n\n\n<figure class=\"wp-block-image size-large\"><a href=\"https:\/\/www.haiggle.ch\/wp-content\/uploads\/2025\/03\/P1020292-scaled.jpg\"><img loading=\"lazy\" decoding=\"async\" width=\"1024\" height=\"683\" src=\"https:\/\/www.haiggle.ch\/wp-content\/uploads\/2025\/03\/P1020292-1024x683.jpg\" alt=\"\" class=\"wp-image-108\" srcset=\"https:\/\/www.haiggle.ch\/wp-content\/uploads\/2025\/03\/P1020292-1024x683.jpg 1024w, https:\/\/www.haiggle.ch\/wp-content\/uploads\/2025\/03\/P1020292-300x200.jpg 300w, https:\/\/www.haiggle.ch\/wp-content\/uploads\/2025\/03\/P1020292-768x512.jpg 768w, https:\/\/www.haiggle.ch\/wp-content\/uploads\/2025\/03\/P1020292-1536x1024.jpg 1536w, https:\/\/www.haiggle.ch\/wp-content\/uploads\/2025\/03\/P1020292-2048x1365.jpg 2048w\" sizes=\"auto, (max-width: 767px) 89vw, (max-width: 1000px) 54vw, (max-width: 1071px) 543px, 580px\" \/><\/a><\/figure>\n\n\n\n<figure class=\"wp-block-image alignnone\"><a href=\"http:\/\/www.haiggle.ch\/wp-content\/uploads\/2017\/03\/P1010040.jpg\"><img loading=\"lazy\" decoding=\"async\" width=\"4608\" height=\"3456\" src=\"http:\/\/www.haiggle.ch\/wp-content\/uploads\/2017\/03\/P1010040.jpg\" alt=\"\" class=\"wp-image-19\" srcset=\"https:\/\/www.haiggle.ch\/wp-content\/uploads\/2017\/03\/P1010040.jpg 4608w, https:\/\/www.haiggle.ch\/wp-content\/uploads\/2017\/03\/P1010040-300x225.jpg 300w, https:\/\/www.haiggle.ch\/wp-content\/uploads\/2017\/03\/P1010040-768x576.jpg 768w, https:\/\/www.haiggle.ch\/wp-content\/uploads\/2017\/03\/P1010040-1024x768.jpg 1024w\" sizes=\"auto, (max-width: 767px) 89vw, (max-width: 1000px) 54vw, (max-width: 1071px) 543px, 580px\" \/><\/a><figcaption class=\"wp-element-caption\">Sujet 2017: Es glemmt &#8230; fascht yberall<\/figcaption><\/figure>\n\n\n\n<figure class=\"wp-block-image alignnone\"><a href=\"http:\/\/www.haiggle.ch\/wp-content\/uploads\/2019\/03\/P1000049.jpg\"><img loading=\"lazy\" decoding=\"async\" width=\"1024\" height=\"768\" src=\"http:\/\/www.haiggle.ch\/wp-content\/uploads\/2019\/03\/P1000049-1024x768.jpg\" alt=\"\" class=\"wp-image-51\" srcset=\"https:\/\/www.haiggle.ch\/wp-content\/uploads\/2019\/03\/P1000049-1024x768.jpg 1024w, https:\/\/www.haiggle.ch\/wp-content\/uploads\/2019\/03\/P1000049-300x225.jpg 300w, https:\/\/www.haiggle.ch\/wp-content\/uploads\/2019\/03\/P1000049-768x576.jpg 768w\" sizes=\"auto, (max-width: 767px) 89vw, (max-width: 1000px) 54vw, (max-width: 1071px) 543px, 580px\" \/><\/a><figcaption class=\"wp-element-caption\">Kreativ unterwegs 2018<\/figcaption><\/figure>\n\n\n\n<figure class=\"wp-block-image alignnone\"><a href=\"http:\/\/www.haiggle.ch\/wp-content\/uploads\/2019\/03\/Unterw\u00e4ggs.jpg\"><img loading=\"lazy\" decoding=\"async\" width=\"1024\" height=\"768\" src=\"http:\/\/www.haiggle.ch\/wp-content\/uploads\/2019\/03\/Unterw\u00e4ggs-1024x768.jpg\" alt=\"\" class=\"wp-image-50\" srcset=\"https:\/\/www.haiggle.ch\/wp-content\/uploads\/2019\/03\/Unterw\u00e4ggs-1024x768.jpg 1024w, https:\/\/www.haiggle.ch\/wp-content\/uploads\/2019\/03\/Unterw\u00e4ggs-300x225.jpg 300w, https:\/\/www.haiggle.ch\/wp-content\/uploads\/2019\/03\/Unterw\u00e4ggs-768x576.jpg 768w\" sizes=\"auto, (max-width: 767px) 89vw, (max-width: 1000px) 54vw, (max-width: 1071px) 543px, 580px\" \/><\/a><figcaption class=\"wp-element-caption\">Unterw\u00e4ggs 2018<\/figcaption><\/figure>\n\n\n\n<figure class=\"wp-block-image alignnone\"><a href=\"http:\/\/www.haiggle.ch\/wp-content\/uploads\/2019\/03\/P1000043.jpg\"><img loading=\"lazy\" decoding=\"async\" width=\"1024\" height=\"768\" src=\"http:\/\/www.haiggle.ch\/wp-content\/uploads\/2019\/03\/P1000043-1024x768.jpg\" alt=\"\" class=\"wp-image-49\" srcset=\"https:\/\/www.haiggle.ch\/wp-content\/uploads\/2019\/03\/P1000043-1024x768.jpg 1024w, https:\/\/www.haiggle.ch\/wp-content\/uploads\/2019\/03\/P1000043-300x225.jpg 300w, https:\/\/www.haiggle.ch\/wp-content\/uploads\/2019\/03\/P1000043-768x576.jpg 768w\" sizes=\"auto, (max-width: 767px) 89vw, (max-width: 1000px) 54vw, (max-width: 1071px) 543px, 580px\" \/><\/a><figcaption class=\"wp-element-caption\">Uf dr Gass 2018<\/figcaption><\/figure>\n\n\n\n<figure class=\"wp-block-image alignnone\"><a href=\"http:\/\/www.haiggle.ch\/wp-content\/uploads\/2017\/03\/P1010041.jpg\"><img loading=\"lazy\" decoding=\"async\" width=\"1024\" height=\"768\" src=\"http:\/\/www.haiggle.ch\/wp-content\/uploads\/2017\/03\/P1010041-1024x768.jpg\" alt=\"\" class=\"wp-image-20\" srcset=\"https:\/\/www.haiggle.ch\/wp-content\/uploads\/2017\/03\/P1010041-1024x768.jpg 1024w, https:\/\/www.haiggle.ch\/wp-content\/uploads\/2017\/03\/P1010041-300x225.jpg 300w, https:\/\/www.haiggle.ch\/wp-content\/uploads\/2017\/03\/P1010041-768x576.jpg 768w\" sizes=\"auto, (max-width: 767px) 89vw, (max-width: 1000px) 54vw, (max-width: 1071px) 543px, 580px\" \/><\/a><\/figure>\n\n\n\n<p>Christoph, der Hirsch, wird 60 Jahre alt.<\/p>\n\n\n\n<figure class=\"wp-block-image\"><img loading=\"lazy\" decoding=\"async\" width=\"1024\" height=\"683\" src=\"http:\/\/www.haiggle.ch\/wp-content\/uploads\/2019\/03\/P1000503-4-1024x683.jpg\" alt=\"\" class=\"wp-image-63\" srcset=\"https:\/\/www.haiggle.ch\/wp-content\/uploads\/2019\/03\/P1000503-4-1024x683.jpg 1024w, https:\/\/www.haiggle.ch\/wp-content\/uploads\/2019\/03\/P1000503-4-300x200.jpg 300w, https:\/\/www.haiggle.ch\/wp-content\/uploads\/2019\/03\/P1000503-4-768x512.jpg 768w\" sizes=\"auto, (max-width: 767px) 89vw, (max-width: 1000px) 54vw, (max-width: 1071px) 543px, 580px\" \/><figcaption class=\"wp-element-caption\">Unterwegs 2019<\/figcaption><\/figure>\n\n\n\n<figure class=\"wp-block-image\"><img loading=\"lazy\" decoding=\"async\" width=\"1024\" height=\"683\" src=\"http:\/\/www.haiggle.ch\/wp-content\/uploads\/2019\/03\/P1000659-1024x683.jpg\" alt=\"\" class=\"wp-image-58\" srcset=\"https:\/\/www.haiggle.ch\/wp-content\/uploads\/2019\/03\/P1000659-1024x683.jpg 1024w, https:\/\/www.haiggle.ch\/wp-content\/uploads\/2019\/03\/P1000659-300x200.jpg 300w, https:\/\/www.haiggle.ch\/wp-content\/uploads\/2019\/03\/P1000659-768x512.jpg 768w\" sizes=\"auto, (max-width: 767px) 89vw, (max-width: 1000px) 54vw, (max-width: 1071px) 543px, 580px\" \/><figcaption class=\"wp-element-caption\">Sujet 2019: Mir heebe z\u00e4mme (aber nymm lang)<\/figcaption><\/figure>\n\n\n\n<figure class=\"wp-block-gallery has-nested-images columns-default is-cropped wp-block-gallery-1 is-layout-flex wp-block-gallery-is-layout-flex\"><\/figure>\n\n\n\n<figure class=\"wp-block-image\"><img loading=\"lazy\" decoding=\"async\" width=\"1024\" height=\"683\" src=\"http:\/\/www.haiggle.ch\/wp-content\/uploads\/2019\/03\/P1000500-1024x683.jpg\" alt=\"\" class=\"wp-image-57\" srcset=\"https:\/\/www.haiggle.ch\/wp-content\/uploads\/2019\/03\/P1000500-1024x683.jpg 1024w, https:\/\/www.haiggle.ch\/wp-content\/uploads\/2019\/03\/P1000500-300x200.jpg 300w, https:\/\/www.haiggle.ch\/wp-content\/uploads\/2019\/03\/P1000500-768x512.jpg 768w\" sizes=\"auto, (max-width: 767px) 89vw, (max-width: 1000px) 54vw, (max-width: 1071px) 543px, 580px\" \/><figcaption class=\"wp-element-caption\">Im Laufschritt 2019<\/figcaption><\/figure>\n\n\n\n<figure class=\"wp-block-image\"><img loading=\"lazy\" decoding=\"async\" width=\"1024\" height=\"683\" src=\"http:\/\/www.haiggle.ch\/wp-content\/uploads\/2019\/03\/P1000738-1024x683.jpg\" alt=\"\" class=\"wp-image-56\" srcset=\"https:\/\/www.haiggle.ch\/wp-content\/uploads\/2019\/03\/P1000738-1024x683.jpg 1024w, https:\/\/www.haiggle.ch\/wp-content\/uploads\/2019\/03\/P1000738-300x200.jpg 300w, https:\/\/www.haiggle.ch\/wp-content\/uploads\/2019\/03\/P1000738-768x512.jpg 768w\" sizes=\"auto, (max-width: 767px) 89vw, (max-width: 1000px) 54vw, (max-width: 1071px) 543px, 580px\" \/><figcaption class=\"wp-element-caption\">Uf dr Gass 2019<\/figcaption><\/figure>\n\n\n\n<figure class=\"wp-block-gallery has-nested-images columns-default is-cropped wp-block-gallery-2 is-layout-flex wp-block-gallery-is-layout-flex\"><\/figure>\n\n\n\n<figure class=\"wp-block-gallery has-nested-images columns-default is-cropped wp-block-gallery-3 is-layout-flex wp-block-gallery-is-layout-flex\"><\/figure>\n\n\n\n<div class=\"wp-block-columns is-layout-flex wp-container-core-columns-is-layout-9d6595d7 wp-block-columns-is-layout-flex\">\n<div class=\"wp-block-column is-layout-flow wp-block-column-is-layout-flow\" style=\"flex-basis:100%\">\n<figure class=\"wp-block-gallery has-nested-images columns-default is-cropped wp-block-gallery-4 is-layout-flex wp-block-gallery-is-layout-flex\"><\/figure>\n<\/div>\n<\/div>\n\n\n\n<figure class=\"wp-block-gallery has-nested-images columns-default is-cropped wp-block-gallery-5 is-layout-flex wp-block-gallery-is-layout-flex\"><\/figure>\n","protected":false},"excerpt":{"rendered":"<p>Weniger Publikum als sonst im 2026. &#8222;Die Haiggle&#8220; jetzt auch f\u00fcr Publikum aus dem fremdsprachigen Nachbarland verst\u00e4ndlich. Die neuen Fasnachts-Kost\u00fcme 2025&#8230;. &#8230;machen sich auch 2026 immer noch gut (fast wie neu). Sujet 2025: S&#8217;isch dr Wahn (unseri neye Goschdym) Christoph, der Hirsch, wird 60 Jahre alt.<\/p>\n","protected":false},"author":1,"featured_media":10,"parent":0,"menu_order":0,"comment_status":"closed","ping_status":"closed","template":"","meta":{"footnotes":""},"class_list":["post-15","page","type-page","status-publish","has-post-thumbnail","hentry"],"_links":{"self":[{"href":"https:\/\/www.haiggle.ch\/index.php?rest_route=\/wp\/v2\/pages\/15","targetHints":{"allow":["GET"]}}],"collection":[{"href":"https:\/\/www.haiggle.ch\/index.php?rest_route=\/wp\/v2\/pages"}],"about":[{"href":"https:\/\/www.haiggle.ch\/index.php?rest_route=\/wp\/v2\/types\/page"}],"author":[{"embeddable":true,"href":"https:\/\/www.haiggle.ch\/index.php?rest_route=\/wp\/v2\/users\/1"}],"replies":[{"embeddable":true,"href":"https:\/\/www.haiggle.ch\/index.php?rest_route=%2Fwp%2Fv2%2Fcomments&post=15"}],"version-history":[{"count":17,"href":"https:\/\/www.haiggle.ch\/index.php?rest_route=\/wp\/v2\/pages\/15\/revisions"}],"predecessor-version":[{"id":131,"href":"https:\/\/www.haiggle.ch\/index.php?rest_route=\/wp\/v2\/pages\/15\/revisions\/131"}],"wp:featuredmedia":[{"embeddable":true,"href":"https:\/\/www.haiggle.ch\/index.php?rest_route=\/wp\/v2\/media\/10"}],"wp:attachment":[{"href":"https:\/\/www.haiggle.ch\/index.php?rest_route=%2Fwp%2Fv2%2Fmedia&parent=15"}],"curies":[{"name":"wp","href":"https:\/\/api.w.org\/{rel}","templated":true}]}}